{"id":12,"date":"2025-12-19T14:51:27","date_gmt":"2025-12-19T11:51:27","guid":{"rendered":"https:\/\/kirmizikurumsal.com.tr\/?page_id=12"},"modified":"2026-01-23T09:43:26","modified_gmt":"2026-01-23T06:43:26","slug":"hakkimizda","status":"publish","type":"page","link":"https:\/\/kirmizikurumsal.com.tr\/index.php\/hakkimizda\/","title":{"rendered":"Hakk\u0131m\u0131zda"},"content":{"rendered":"\t\t<div data-elementor-type=\"wp-post\" data-elementor-id=\"12\" class=\"elementor elementor-12\" data-elementor-post-type=\"page\">\n\t\t\t\t<div class=\"elementor-element elementor-element-5be8e07 e-flex e-con-boxed wpr-particle-no wpr-jarallax-no wpr-parallax-no wpr-sticky-section-no e-con e-parent\" data-id=\"5be8e07\" data-element_type=\"container\" data-settings=\"{&quot;background_background&quot;:&quot;classic&quot;}\">\n\t\t\t\t\t<div class=\"e-con-inner\">\n\t\t\t\t<div class=\"elementor-element elementor-element-043b9d7 elementor-widget elementor-widget-spacer\" data-id=\"043b9d7\" data-element_type=\"widget\" data-widget_type=\"spacer.default\">\n\t\t\t\t\t\t\t<div class=\"elementor-spacer\">\n\t\t\t<div class=\"elementor-spacer-inner\"><\/div>\n\t\t<\/div>\n\t\t\t\t\t\t<\/div>\n\t\t\t\t\t<\/div>\n\t\t\t\t<\/div>\n\t\t<div class=\"elementor-element elementor-element-3724e2d e-flex e-con-boxed wpr-particle-no wpr-jarallax-no wpr-parallax-no wpr-sticky-section-no e-con e-parent\" data-id=\"3724e2d\" data-element_type=\"container\" data-settings=\"{&quot;background_background&quot;:&quot;video&quot;,&quot;background_video_link&quot;:&quot;https:\\\/\\\/youtu.be\\\/OVMNNLK2Ne4&quot;}\">\n\t\t\t\t\t<div class=\"e-con-inner\">\n\t\t<div class=\"elementor-background-video-container elementor-hidden-mobile\" aria-hidden=\"true\">\n\t\t\t\t\t\t\t<div class=\"elementor-background-video-embed\"><\/div>\n\t\t\t\t\t\t<\/div>\t\t<div class=\"elementor-element elementor-element-f63f86c elementor-widget elementor-widget-heading\" data-id=\"f63f86c\" data-element_type=\"widget\" data-widget_type=\"heading.default\">\n\t\t\t\t\t<h2 class=\"elementor-heading-title elementor-size-default\">Birlikte<\/h2>\t\t\t\t<\/div>\n\t\t<div class=\"elementor-element elementor-element-174d7b6 e-con-full e-flex wpr-particle-no wpr-jarallax-no wpr-parallax-no wpr-sticky-section-no e-con e-child\" data-id=\"174d7b6\" data-element_type=\"container\">\n\t\t\t\t<div class=\"elementor-element elementor-element-06d5d1a elementor-widget__width-initial elementor-widget elementor-widget-image\" data-id=\"06d5d1a\" data-element_type=\"widget\" data-widget_type=\"image.default\">\n\t\t\t\t\t\t\t\t\t\t\t\t\t\t\t<img decoding=\"async\" width=\"189\" height=\"67\" src=\"https:\/\/kirmizikurumsal.com.tr\/wp-content\/uploads\/2025\/12\/Deger.png\" class=\"attachment-large size-large wp-image-356\" alt=\"\" \/>\t\t\t\t\t\t\t\t\t\t\t\t\t\t\t<\/div>\n\t\t\t\t<div class=\"elementor-element elementor-element-13a71b3 elementor-widget elementor-widget-heading\" data-id=\"13a71b3\" data-element_type=\"widget\" data-widget_type=\"heading.default\">\n\t\t\t\t\t<h2 class=\"elementor-heading-title elementor-size-default\">\u00dcretiyoruz<\/h2>\t\t\t\t<\/div>\n\t\t\t\t<\/div>\n\t\t\t\t\t<\/div>\n\t\t\t\t<\/div>\n\t\t<div class=\"elementor-element elementor-element-e7cf7be e-flex e-con-boxed wpr-particle-no wpr-jarallax-no wpr-parallax-no wpr-sticky-section-no e-con e-parent\" data-id=\"e7cf7be\" data-element_type=\"container\">\n\t\t\t\t\t<div class=\"e-con-inner\">\n\t\t\t\t<div class=\"elementor-element elementor-element-1663e4f elementor-widget elementor-widget-heading\" data-id=\"1663e4f\" data-element_type=\"widget\" data-widget_type=\"heading.default\">\n\t\t\t\t\t<h2 class=\"elementor-heading-title elementor-size-default\">\/Hakk\u0131m\u0131zda<\/h2>\t\t\t\t<\/div>\n\t\t<div class=\"elementor-element elementor-element-3381513 e-con-full e-flex wpr-particle-no wpr-jarallax-no wpr-parallax-no wpr-sticky-section-no e-con e-child\" data-id=\"3381513\" data-element_type=\"container\">\n\t\t\t\t<div class=\"elementor-element elementor-element-5ddd41c elementor-widget elementor-widget-heading\" data-id=\"5ddd41c\" data-element_type=\"widget\" data-widget_type=\"heading.default\">\n\t\t\t\t\t<h2 class=\"elementor-heading-title elementor-size-default\">Biz<\/h2>\t\t\t\t<\/div>\n\t\t\t\t<div class=\"elementor-element elementor-element-c3c7b5c elementor-widget__width-initial elementor-widget elementor-widget-image\" data-id=\"c3c7b5c\" data-element_type=\"widget\" data-widget_type=\"image.default\">\n\t\t\t\t\t\t\t\t\t\t\t\t\t\t\t<img decoding=\"async\" width=\"198\" height=\"50\" src=\"https:\/\/kirmizikurumsal.com.tr\/wp-content\/uploads\/2025\/12\/Kimiz_.png\" class=\"attachment-large size-large wp-image-361\" alt=\"\" \/>\t\t\t\t\t\t\t\t\t\t\t\t\t\t\t<\/div>\n\t\t\t\t<\/div>\n\t\t<div class=\"elementor-element elementor-element-327a0bc e-con-full e-flex wpr-particle-no wpr-jarallax-no wpr-parallax-no wpr-sticky-section-no e-con e-child\" data-id=\"327a0bc\" data-element_type=\"container\">\n\t\t<div class=\"elementor-element elementor-element-3c4e708 e-con-full e-flex wpr-particle-no wpr-jarallax-no wpr-parallax-no wpr-sticky-section-no e-con e-child\" data-id=\"3c4e708\" data-element_type=\"container\">\n\t\t\t\t<div class=\"elementor-element elementor-element-d0c5ba2 elementor-widget__width-inherit elementor-widget elementor-widget-text-editor\" data-id=\"d0c5ba2\" data-element_type=\"widget\" data-widget_type=\"text-editor.default\">\n\t\t\t\t\t\t\t\t\t<p>Biz, kurumlar\u0131n \u00e7al\u0131\u015fanlar\u0131na sundu\u011fu yan haklar\u0131 ve hizmetleri daha <strong>verimli<\/strong>, daha <strong>eri\u015filebilir<\/strong> ve daha <strong>ekonomik<\/strong> hale getirmek i\u00e7in kurulmu\u015f bir <strong>kurumsal \u00e7\u00f6z\u00fcmler<\/strong> platformuyuz.<\/p><p>Bir\u00e7ok farkl\u0131 sekt\u00f6rdeki g\u00fcvenilir i\u015f ortaklar\u0131yla birlikte \u00e7al\u0131\u015f\u0131r, kurumlara \u00f6zel kampanya, mobil uygulama ve \u00e7a\u011fr\u0131 destek \u00e7\u00f6z\u00fcmleri geli\u015ftiririz.<\/p>\t\t\t\t\t\t\t\t<\/div>\n\t\t\t\t<\/div>\n\t\t\t\t<div class=\"elementor-element elementor-element-bb476a1 elementor-widget elementor-widget-image\" data-id=\"bb476a1\" data-element_type=\"widget\" data-widget_type=\"image.default\">\n\t\t\t\t\t\t\t\t\t\t\t\t\t\t\t<img fetchpriority=\"high\" decoding=\"async\" width=\"608\" height=\"445\" src=\"https:\/\/kirmizikurumsal.com.tr\/wp-content\/uploads\/2025\/12\/business-people-meeting-1.png\" class=\"attachment-large size-large wp-image-160\" alt=\"\" srcset=\"https:\/\/kirmizikurumsal.com.tr\/wp-content\/uploads\/2025\/12\/business-people-meeting-1.png 608w, https:\/\/kirmizikurumsal.com.tr\/wp-content\/uploads\/2025\/12\/business-people-meeting-1-300x220.png 300w\" sizes=\"(max-width: 608px) 100vw, 608px\" \/>\t\t\t\t\t\t\t\t\t\t\t\t\t\t\t<\/div>\n\t\t\t\t<\/div>\n\t\t\t\t\t<\/div>\n\t\t\t\t<\/div>\n\t\t<div class=\"elementor-element elementor-element-a7710a7 e-flex e-con-boxed wpr-particle-no wpr-jarallax-no wpr-parallax-no wpr-sticky-section-no e-con e-parent\" data-id=\"a7710a7\" data-element_type=\"container\" data-settings=\"{&quot;background_background&quot;:&quot;classic&quot;}\">\n\t\t\t\t\t<div class=\"e-con-inner\">\n\t\t<div class=\"elementor-element elementor-element-8e48351 e-con-full e-flex wpr-particle-no wpr-jarallax-no wpr-parallax-no wpr-sticky-section-no e-con e-child\" data-id=\"8e48351\" data-element_type=\"container\">\n\t\t\t\t<div class=\"elementor-element elementor-element-9bcbcb6 elementor-widget elementor-widget-heading\" data-id=\"9bcbcb6\" data-element_type=\"widget\" data-widget_type=\"heading.default\">\n\t\t\t\t\t<h2 class=\"elementor-heading-title elementor-size-default\">Misyonumuz ve Vizyonumuz<\/h2>\t\t\t\t<\/div>\n\t\t\t\t<\/div>\n\t\t<div class=\"elementor-element elementor-element-3ff2785 e-con-full e-flex wpr-particle-no wpr-jarallax-no wpr-parallax-no wpr-sticky-section-no e-con e-child\" data-id=\"3ff2785\" data-element_type=\"container\">\n\t\t<div class=\"elementor-element elementor-element-cc86cad e-con-full e-flex wpr-particle-no wpr-jarallax-no wpr-parallax-no wpr-sticky-section-no e-con e-child\" data-id=\"cc86cad\" data-element_type=\"container\" data-settings=\"{&quot;background_background&quot;:&quot;classic&quot;}\">\n\t\t\t\t<div class=\"elementor-element elementor-element-dc46765 elementor-widget elementor-widget-text-editor\" data-id=\"dc46765\" data-element_type=\"widget\" data-widget_type=\"text-editor.default\">\n\t\t\t\t\t\t\t\t\t<p><strong>Misyonumuz<br \/><br \/><\/strong>\u0130\u015f ortaklar\u0131m\u0131z\u0131n her platformda g\u00fc\u00e7l\u00fc ve g\u00f6r\u00fcn\u00fcr olmas\u0131n\u0131 sa\u011flayarak, <strong>markalar\u0131n<\/strong> <strong>ekonomisine katk\u0131 sunan<\/strong> ve kullan\u0131c\u0131lara <strong>ger\u00e7ek avantajlar sa\u011flayan ya\u015fayan bir sadakat sistemi tasarl\u0131yoruz.<\/strong><\/p>\t\t\t\t\t\t\t\t<\/div>\n\t\t\t\t<\/div>\n\t\t<div class=\"elementor-element elementor-element-43f15aa e-con-full e-flex wpr-particle-no wpr-jarallax-no wpr-parallax-no wpr-sticky-section-no e-con e-child\" data-id=\"43f15aa\" data-element_type=\"container\" data-settings=\"{&quot;background_background&quot;:&quot;classic&quot;}\">\n\t\t\t\t<div class=\"elementor-element elementor-element-535e579 elementor-widget elementor-widget-text-editor\" data-id=\"535e579\" data-element_type=\"widget\" data-widget_type=\"text-editor.default\">\n\t\t\t\t\t\t\t\t\t<p><strong>Vizyonumuz<br \/><\/strong><br \/>Sadakat kavram\u0131n\u0131 yeniden tan\u0131mlayarak <strong>i\u015f birliklerini s\u00fcrd\u00fcr\u00fclebilir faydaya d\u00f6n\u00fc\u015ft\u00fcren bir ekosistem yaratmak.<\/strong> <br \/>Markalar\u0131n ve kullan\u0131c\u0131lar\u0131n sadece kazand\u0131\u011f\u0131 de\u011fil, birbirine <strong>g\u00fcven duydu\u011fu bir platform olmak<\/strong><\/p>\t\t\t\t\t\t\t\t<\/div>\n\t\t\t\t<\/div>\n\t\t\t\t<\/div>\n\t\t\t\t\t<\/div>\n\t\t\t\t<\/div>\n\t\t<div class=\"elementor-element elementor-element-12d2d69 e-flex e-con-boxed wpr-particle-no wpr-jarallax-no wpr-parallax-no wpr-sticky-section-no e-con e-parent\" data-id=\"12d2d69\" data-element_type=\"container\">\n\t\t\t\t\t<div class=\"e-con-inner\">\n\t\t\t\t<div class=\"elementor-element elementor-element-2a09de9 elementor-widget elementor-widget-spacer\" data-id=\"2a09de9\" data-element_type=\"widget\" data-widget_type=\"spacer.default\">\n\t\t\t\t\t\t\t<div class=\"elementor-spacer\">\n\t\t\t<div class=\"elementor-spacer-inner\"><\/div>\n\t\t<\/div>\n\t\t\t\t\t\t<\/div>\n\t\t\t\t\t<\/div>\n\t\t\t\t<\/div>\n\t\t<div class=\"elementor-element elementor-element-21fc6ecd e-flex e-con-boxed wpr-particle-no wpr-jarallax-no wpr-parallax-no wpr-sticky-section-no e-con e-parent\" data-id=\"21fc6ecd\" data-element_type=\"container\" data-settings=\"{&quot;background_background&quot;:&quot;classic&quot;}\">\n\t\t\t\t\t<div class=\"e-con-inner\">\n\t\t<div class=\"elementor-element elementor-element-4f6dbbd1 e-con-full e-flex wpr-particle-no wpr-jarallax-no wpr-parallax-no wpr-sticky-section-no e-con e-child\" data-id=\"4f6dbbd1\" data-element_type=\"container\" data-settings=\"{&quot;background_background&quot;:&quot;classic&quot;}\">\n\t\t\t\t<div class=\"elementor-element elementor-element-435aedb3 wpr-advanced-text-style-clipped elementor-widget__width-initial elementor-widget elementor-widget-wpr-advanced-text\" data-id=\"435aedb3\" data-element_type=\"widget\" data-widget_type=\"wpr-advanced-text.default\">\n\t\t\t\t\t\n\t\t<h2 class=\"wpr-advanced-text\">\n\n\t\t\t\t\t\n\t\t\t\r\n\t\t\t\t\t\r\n\t\t<span class=\"wpr-clipped-text\">\r\n\t\t\t<span class=\"wpr-clipped-text-content\">Avantaj<\/span>\r\n\t\t\t\t\t<\/span>\r\n\r\n\t\t\r\n\t\t\t\t\t\t<span class=\"wpr-advanced-text-suffix\">Ekosistemine Dahil Olun<\/span>\n\t\t\t\t\t\n\t\t<\/h2>\n\t\t\n\t\t\t\t\t\t<\/div>\n\t\t\t\t<div class=\"elementor-element elementor-element-37e38dec elementor-widget elementor-widget-text-editor\" data-id=\"37e38dec\" data-element_type=\"widget\" data-widget_type=\"text-editor.default\">\n\t\t\t\t\t\t\t\t\t<p>Kurumlara y\u00f6nelik avantaj yap\u0131s\u0131nda tedarik\u00e7i olarak yer almak ister misiniz?<\/p>\t\t\t\t\t\t\t\t<\/div>\n\t\t<div class=\"elementor-element elementor-element-6e79f711 e-con-full e-flex wpr-particle-no wpr-jarallax-no wpr-parallax-no wpr-sticky-section-no e-con e-child\" data-id=\"6e79f711\" data-element_type=\"container\">\n\t\t<div class=\"elementor-element elementor-element-3a4c0f70 e-con-full e-flex wpr-particle-no wpr-jarallax-no wpr-parallax-no wpr-sticky-section-no e-con e-child\" data-id=\"3a4c0f70\" data-element_type=\"container\">\n\t\t\t\t<div class=\"elementor-element elementor-element-41d64919 elementor-widget elementor-widget-image\" data-id=\"41d64919\" data-element_type=\"widget\" data-widget_type=\"image.default\">\n\t\t\t\t\t\t\t\t\t\t\t\t\t\t\t<img loading=\"lazy\" decoding=\"async\" width=\"199\" height=\"231\" src=\"https:\/\/kirmizikurumsal.com.tr\/wp-content\/uploads\/2025\/12\/formdoldur.png\" class=\"attachment-large size-large wp-image-283\" alt=\"\" \/>\t\t\t\t\t\t\t\t\t\t\t\t\t\t\t<\/div>\n\t\t\t\t<div class=\"elementor-element elementor-element-c8ad85a elementor-widget elementor-widget-heading\" data-id=\"c8ad85a\" data-element_type=\"widget\" data-widget_type=\"heading.default\">\n\t\t\t\t\t<h4 class=\"elementor-heading-title elementor-size-default\">Ba\u015fvurunu G\u00f6nder<\/h4>\t\t\t\t<\/div>\n\t\t\t\t<div class=\"elementor-element elementor-element-1f2903d4 elementor-widget elementor-widget-text-editor\" data-id=\"1f2903d4\" data-element_type=\"widget\" data-widget_type=\"text-editor.default\">\n\t\t\t\t\t\t\t\t\t<p>Marka bilgilerini ve sundu\u011fun avantaj\/kampanya detaylar\u0131n\u0131 ba\u015fvuru formunu doldurarak bizimle payla\u015f.<\/p>\t\t\t\t\t\t\t\t<\/div>\n\t\t\t\t<\/div>\n\t\t<div class=\"elementor-element elementor-element-56a129de e-con-full e-flex wpr-particle-no wpr-jarallax-no wpr-parallax-no wpr-sticky-section-no e-con e-child\" data-id=\"56a129de\" data-element_type=\"container\">\n\t\t\t\t<div class=\"elementor-element elementor-element-62649e50 elementor-widget elementor-widget-image\" data-id=\"62649e50\" data-element_type=\"widget\" data-widget_type=\"image.default\">\n\t\t\t\t\t\t\t\t\t\t\t\t\t\t\t<img loading=\"lazy\" decoding=\"async\" width=\"260\" height=\"213\" src=\"https:\/\/kirmizikurumsal.com.tr\/wp-content\/uploads\/2025\/12\/Degerlendirme.png\" class=\"attachment-large size-large wp-image-284\" alt=\"\" \/>\t\t\t\t\t\t\t\t\t\t\t\t\t\t\t<\/div>\n\t\t\t\t<div class=\"elementor-element elementor-element-4f0fa463 elementor-widget elementor-widget-heading\" data-id=\"4f0fa463\" data-element_type=\"widget\" data-widget_type=\"heading.default\">\n\t\t\t\t\t<h4 class=\"elementor-heading-title elementor-size-default\">De\u011ferlendirelim<\/h4>\t\t\t\t<\/div>\n\t\t\t\t<div class=\"elementor-element elementor-element-47064fdc elementor-widget elementor-widget-text-editor\" data-id=\"47064fdc\" data-element_type=\"widget\" data-widget_type=\"text-editor.default\">\n\t\t\t\t\t\t\t\t\t<p>Uygunluk kontrol\u00fc yapal\u0131m, \u015fartlar\u0131 ve kapsam\u0131 birlikte netle\u015ftirelim.<\/p>\t\t\t\t\t\t\t\t<\/div>\n\t\t\t\t<\/div>\n\t\t<div class=\"elementor-element elementor-element-522734c0 e-con-full e-flex wpr-particle-no wpr-jarallax-no wpr-parallax-no wpr-sticky-section-no e-con e-child\" data-id=\"522734c0\" data-element_type=\"container\">\n\t\t\t\t<div class=\"elementor-element elementor-element-43327c86 elementor-widget elementor-widget-image\" data-id=\"43327c86\" data-element_type=\"widget\" data-widget_type=\"image.default\">\n\t\t\t\t\t\t\t\t\t\t\t\t\t\t\t<img loading=\"lazy\" decoding=\"async\" width=\"258\" height=\"213\" src=\"https:\/\/kirmizikurumsal.com.tr\/wp-content\/uploads\/2025\/12\/YAYINIKON.png\" class=\"attachment-large size-large wp-image-285\" alt=\"\" \/>\t\t\t\t\t\t\t\t\t\t\t\t\t\t\t<\/div>\n\t\t\t\t<div class=\"elementor-element elementor-element-1ed55e8c elementor-widget elementor-widget-heading\" data-id=\"1ed55e8c\" data-element_type=\"widget\" data-widget_type=\"heading.default\">\n\t\t\t\t\t<h4 class=\"elementor-heading-title elementor-size-default\">Yay\u0131na Alal\u0131m<\/h4>\t\t\t\t<\/div>\n\t\t\t\t<div class=\"elementor-element elementor-element-78b73d7e elementor-widget elementor-widget-text-editor\" data-id=\"78b73d7e\" data-element_type=\"widget\" data-widget_type=\"text-editor.default\">\n\t\t\t\t\t\t\t\t\t<p>Anla\u015fma tamamland\u0131\u011f\u0131nda markan\u0131 avantaj a\u011f\u0131na ekleyelim ve kurum \u00e7al\u0131\u015fanlar\u0131na sunal\u0131m.<\/p>\t\t\t\t\t\t\t\t<\/div>\n\t\t\t\t<\/div>\n\t\t\t\t<\/div>\n\t\t\t\t<\/div>\n\t\t<div class=\"elementor-element elementor-element-3bca16e6 e-con-full e-flex wpr-particle-no wpr-jarallax-no wpr-parallax-no wpr-sticky-section-no e-con e-child\" data-id=\"3bca16e6\" data-element_type=\"container\" data-settings=\"{&quot;background_background&quot;:&quot;classic&quot;}\">\n\t\t\t\t<div class=\"elementor-element elementor-element-4cda5b5a elementor-widget elementor-widget-button\" data-id=\"4cda5b5a\" data-element_type=\"widget\" data-widget_type=\"button.default\">\n\t\t\t\t\t\t\t\t\t\t<a class=\"elementor-button elementor-button-link elementor-size-sm\" href=\"https:\/\/kirmizikurumsal.com.tr\/index.php\/kirmiziya-katil\/\">\n\t\t\t\t\t\t<span class=\"elementor-button-content-wrapper\">\n\t\t\t\t\t\t\t\t\t<span class=\"elementor-button-text\">K\u0131rm\u0131z\u0131\u2019ya Kat\u0131l<\/span>\n\t\t\t\t\t<\/span>\n\t\t\t\t\t<\/a>\n\t\t\t\t\t\t\t\t<\/div>\n\t\t\t\t<div class=\"elementor-element elementor-element-185cf961 elementor-widget elementor-widget-button\" data-id=\"185cf961\" data-element_type=\"widget\" data-widget_type=\"button.default\">\n\t\t\t\t\t\t\t\t\t\t<a class=\"elementor-button elementor-button-link elementor-size-sm\" href=\"#\">\n\t\t\t\t\t\t<span class=\"elementor-button-content-wrapper\">\n\t\t\t\t\t\t\t\t\t<span class=\"elementor-button-text\">\u0130leti\u015fime Ge\u00e7<\/span>\n\t\t\t\t\t<\/span>\n\t\t\t\t\t<\/a>\n\t\t\t\t\t\t\t\t<\/div>\n\t\t\t\t<\/div>\n\t\t\t\t\t<\/div>\n\t\t\t\t<\/div>\n\t\t\t\t<\/div>\n\t\t","protected":false},"excerpt":{"rendered":"<p>Birlikte \u00dcretiyoruz \/Hakk\u0131m\u0131zda Biz Biz, kurumlar\u0131n \u00e7al\u0131\u015fanlar\u0131na sundu\u011fu yan haklar\u0131 ve hizmetleri daha verimli, daha eri\u015filebilir ve daha ekonomik hale getirmek i\u00e7in kurulmu\u015f bir kurumsal \u00e7\u00f6z\u00fcmler platformuyuz. Bir\u00e7ok farkl\u0131 sekt\u00f6rdeki g\u00fcvenilir i\u015f ortaklar\u0131yla birlikte \u00e7al\u0131\u015f\u0131r, kurumlara \u00f6zel kampanya, mobil uygulama ve \u00e7a\u011fr\u0131 destek \u00e7\u00f6z\u00fcmleri geli\u015ftiririz. Misyonumuz ve Vizyonumuz Misyonumuz \u0130\u015f ortaklar\u0131m\u0131z\u0131n her platformda g\u00fc\u00e7l\u00fc ve g\u00f6r\u00fcn\u00fcr olmas\u0131n\u0131 sa\u011flayarak, markalar\u0131n ekonomisine katk\u0131 sunan ve kullan\u0131c\u0131lara ger\u00e7ek avantajlar sa\u011flayan ya\u015fayan bir sadakat sistemi tasarl\u0131yoruz. VizyonumuzSadakat kavram\u0131n\u0131 yeniden tan\u0131mlayarak i\u015f birliklerini s\u00fcrd\u00fcr\u00fclebilir faydaya d\u00f6n\u00fc\u015ft\u00fcren bir ekosistem yaratmak. Markalar\u0131n ve kullan\u0131c\u0131lar\u0131n sadece kazand\u0131\u011f\u0131 de\u011fil, birbirine g\u00fcven duydu\u011fu bir platform olmak Avantaj Ekosistemine Dahil Olun Kurumlara y\u00f6nelik avantaj yap\u0131s\u0131nda tedarik\u00e7i olarak yer almak ister misiniz? Ba\u015fvurunu G\u00f6nder Marka bilgilerini ve sundu\u011fun avantaj\/kampanya detaylar\u0131n\u0131 ba\u015fvuru formunu doldurarak bizimle payla\u015f. De\u011ferlendirelim Uygunluk kontrol\u00fc yapal\u0131m, \u015fartlar\u0131 ve kapsam\u0131 birlikte netle\u015ftirelim. Yay\u0131na Alal\u0131m Anla\u015fma tamamland\u0131\u011f\u0131nda markan\u0131 avantaj a\u011f\u0131na ekleyelim ve kurum \u00e7al\u0131\u015fanlar\u0131na sunal\u0131m. K\u0131rm\u0131z\u0131\u2019ya Kat\u0131l \u0130leti\u015fime Ge\u00e7<\/p>\n","protected":false},"author":1,"featured_media":0,"parent":0,"menu_order":0,"comment_status":"closed","ping_status":"closed","template":"","meta":{"footnotes":""},"class_list":["post-12","page","type-page","status-publish","hentry"],"acf":[],"_links":{"self":[{"href":"https:\/\/kirmizikurumsal.com.tr\/index.php\/wp-json\/wp\/v2\/pages\/12","targetHints":{"allow":["GET"]}}],"collection":[{"href":"https:\/\/kirmizikurumsal.com.tr\/index.php\/wp-json\/wp\/v2\/pages"}],"about":[{"href":"https:\/\/kirmizikurumsal.com.tr\/index.php\/wp-json\/wp\/v2\/types\/page"}],"author":[{"embeddable":true,"href":"https:\/\/kirmizikurumsal.com.tr\/index.php\/wp-json\/wp\/v2\/users\/1"}],"replies":[{"embeddable":true,"href":"https:\/\/kirmizikurumsal.com.tr\/index.php\/wp-json\/wp\/v2\/comments?post=12"}],"version-history":[{"count":46,"href":"https:\/\/kirmizikurumsal.com.tr\/index.php\/wp-json\/wp\/v2\/pages\/12\/revisions"}],"predecessor-version":[{"id":1178,"href":"https:\/\/kirmizikurumsal.com.tr\/index.php\/wp-json\/wp\/v2\/pages\/12\/revisions\/1178"}],"wp:attachment":[{"href":"https:\/\/kirmizikurumsal.com.tr\/index.php\/wp-json\/wp\/v2\/media?parent=12"}],"curies":[{"name":"wp","href":"https:\/\/api.w.org\/{rel}","templated":true}]}}