{"id":8,"date":"2025-12-23T11:46:25","date_gmt":"2025-12-23T08:46:25","guid":{"rendered":"https:\/\/kirmizikurumsal.com.tr\/?page_id=8"},"modified":"2026-01-23T09:27:44","modified_gmt":"2026-01-23T06:27:44","slug":"hizmetlerimiz","status":"publish","type":"page","link":"https:\/\/kirmizikurumsal.com.tr\/index.php\/hizmetlerimiz\/","title":{"rendered":"Hizmetlerimiz"},"content":{"rendered":"\t\t<div data-elementor-type=\"wp-post\" data-elementor-id=\"8\" class=\"elementor elementor-8\" data-elementor-post-type=\"page\">\n\t\t\t\t<div class=\"elementor-element elementor-element-b11050c e-flex e-con-boxed wpr-particle-no wpr-jarallax-no wpr-parallax-no wpr-sticky-section-no e-con e-parent\" data-id=\"b11050c\" data-element_type=\"container\" data-settings=\"{&quot;background_background&quot;:&quot;classic&quot;}\">\n\t\t\t\t\t<div class=\"e-con-inner\">\n\t\t\t\t<div class=\"elementor-element elementor-element-84387f8 elementor-widget elementor-widget-spacer\" data-id=\"84387f8\" data-element_type=\"widget\" data-widget_type=\"spacer.default\">\n\t\t\t\t\t\t\t<div class=\"elementor-spacer\">\n\t\t\t<div class=\"elementor-spacer-inner\"><\/div>\n\t\t<\/div>\n\t\t\t\t\t\t<\/div>\n\t\t\t\t\t<\/div>\n\t\t\t\t<\/div>\n\t\t<div class=\"elementor-element elementor-element-cbd0523 e-flex e-con-boxed wpr-particle-no wpr-jarallax-no wpr-parallax-no wpr-sticky-section-no e-con e-parent\" data-id=\"cbd0523\" data-element_type=\"container\">\n\t\t\t\t\t<div class=\"e-con-inner\">\n\t\t\t\t<div class=\"elementor-element elementor-element-2fb6202 elementor-widget elementor-widget-spacer\" data-id=\"2fb6202\" data-element_type=\"widget\" data-widget_type=\"spacer.default\">\n\t\t\t\t\t\t\t<div class=\"elementor-spacer\">\n\t\t\t<div class=\"elementor-spacer-inner\"><\/div>\n\t\t<\/div>\n\t\t\t\t\t\t<\/div>\n\t\t\t\t<div class=\"elementor-element elementor-element-8e2fb02 elementor-widget elementor-widget-heading\" data-id=\"8e2fb02\" data-element_type=\"widget\" data-widget_type=\"heading.default\">\n\t\t\t\t\t<h2 class=\"elementor-heading-title elementor-size-default\">\/Hizmetlerimiz<\/h2>\t\t\t\t<\/div>\n\t\t<div class=\"elementor-element elementor-element-f34b1cf e-con-full e-flex wpr-particle-no wpr-jarallax-no wpr-parallax-no wpr-sticky-section-no e-con e-child\" data-id=\"f34b1cf\" data-element_type=\"container\">\n\t\t\t\t<div class=\"elementor-element elementor-element-f756c16 wpr-advanced-text-style-clipped elementor-widget__width-initial elementor-widget-mobile__width-inherit elementor-widget elementor-widget-wpr-advanced-text\" data-id=\"f756c16\" data-element_type=\"widget\" data-widget_type=\"wpr-advanced-text.default\">\n\t\t\t\t\t\n\t\t<h2 class=\"wpr-advanced-text\">\n\n\t\t\t\t\t\n\t\t\t\t\t\t\t<span class=\"wpr-advanced-text-preffix\">Her Sekt\u00f6r \u0130\u00e7in<br><\/span>\n\t\t\t\r\n\t\t\t\t\t\r\n\t\t<span class=\"wpr-clipped-text\">\r\n\t\t\t<span class=\"wpr-clipped-text-content\"> Kurumsal \u00c7\u00f6z\u00fcmler<\/span>\r\n\t\t\t\t\t<\/span>\r\n\r\n\t\t\r\n\t\t\t\t\n\t\t<\/h2>\n\t\t\n\t\t\t\t\t\t<\/div>\n\t\t\t\t<div class=\"elementor-element elementor-element-7b269e2 elementor-widget elementor-widget-text-editor\" data-id=\"7b269e2\" data-element_type=\"widget\" data-widget_type=\"text-editor.default\">\n\t\t\t\t\t\t\t\t\t<p>G\u00fcn\u00fcm\u00fcz i\u015f d\u00fcnyas\u0131n\u0131n h\u0131z\u0131na uyum sa\u011flayan, dijital odakl\u0131 kurumsal \u00e7\u00f6z\u00fcmler sunuyoruz.\u2028Avantajl\u0131 kampanyalar, kullan\u0131c\u0131 dostu mobil uygulamalar ve g\u00fc\u00e7l\u00fc destek hizmetleriyle kurumlar\u0131n operasyonel y\u00fck\u00fcn\u00fc hafifletiyoruz.<\/p>\t\t\t\t\t\t\t\t<\/div>\n\t\t\t\t<\/div>\n\t\t\t\t\t<\/div>\n\t\t\t\t<\/div>\n\t\t<div class=\"elementor-element elementor-element-84a48d7 e-flex e-con-boxed wpr-particle-no wpr-jarallax-no wpr-parallax-no wpr-sticky-section-no e-con e-parent\" data-id=\"84a48d7\" data-element_type=\"container\">\n\t\t\t\t\t<div class=\"e-con-inner\">\n\t\t<div class=\"elementor-element elementor-element-58ac6d3 e-con-full e-flex wpr-particle-no wpr-jarallax-no wpr-parallax-no wpr-sticky-section-no e-con e-child\" data-id=\"58ac6d3\" data-element_type=\"container\">\n\t\t<div class=\"elementor-element elementor-element-deb1fe4 e-con-full e-flex wpr-particle-no wpr-jarallax-no wpr-parallax-no wpr-sticky-section-no e-con e-child\" data-id=\"deb1fe4\" data-element_type=\"container\" data-settings=\"{&quot;background_background&quot;:&quot;classic&quot;}\">\n\t\t<div class=\"elementor-element elementor-element-9398fcd e-con-full e-flex wpr-particle-no wpr-jarallax-no wpr-parallax-no wpr-sticky-section-no e-con e-child\" data-id=\"9398fcd\" data-element_type=\"container\" data-settings=\"{&quot;background_background&quot;:&quot;classic&quot;}\">\n\t\t\t\t<div class=\"elementor-element elementor-element-12238d4 elementor-view-default elementor-widget elementor-widget-icon\" data-id=\"12238d4\" data-element_type=\"widget\" data-widget_type=\"icon.default\">\n\t\t\t\t\t\t\t<div class=\"elementor-icon-wrapper\">\n\t\t\t<div class=\"elementor-icon\">\n\t\t\t<svg aria-hidden=\"true\" class=\"e-font-icon-svg e-fas-circle\" viewBox=\"0 0 512 512\" xmlns=\"http:\/\/www.w3.org\/2000\/svg\"><path d=\"M256 8C119 8 8 119 8 256s111 248 248 248 248-111 248-248S393 8 256 8z\"><\/path><\/svg>\t\t\t<\/div>\n\t\t<\/div>\n\t\t\t\t\t\t<\/div>\n\t\t\t\t<div class=\"elementor-element elementor-element-6d846bb elementor-widget elementor-widget-heading\" data-id=\"6d846bb\" data-element_type=\"widget\" data-widget_type=\"heading.default\">\n\t\t\t\t\t<h2 class=\"elementor-heading-title elementor-size-default\">Kampanyalar<\/h2>\t\t\t\t<\/div>\n\t\t\t\t<\/div>\n\t\t\t\t<div class=\"elementor-element elementor-element-2addf61 elementor-widget elementor-widget-spacer\" data-id=\"2addf61\" data-element_type=\"widget\" data-widget_type=\"spacer.default\">\n\t\t\t\t\t\t\t<div class=\"elementor-spacer\">\n\t\t\t<div class=\"elementor-spacer-inner\"><\/div>\n\t\t<\/div>\n\t\t\t\t\t\t<\/div>\n\t\t\t\t<div class=\"elementor-element elementor-element-96877a4 elementor-widget elementor-widget-spacer\" data-id=\"96877a4\" data-element_type=\"widget\" data-widget_type=\"spacer.default\">\n\t\t\t\t\t\t\t<div class=\"elementor-spacer\">\n\t\t\t<div class=\"elementor-spacer-inner\"><\/div>\n\t\t<\/div>\n\t\t\t\t\t\t<\/div>\n\t\t\t\t<\/div>\n\t\t<div class=\"elementor-element elementor-element-66c3214 e-con-full e-flex wpr-particle-no wpr-jarallax-no wpr-parallax-no wpr-sticky-section-no e-con e-child\" data-id=\"66c3214\" data-element_type=\"container\">\n\t\t\t\t<div class=\"elementor-element elementor-element-777fc1d elementor-widget__width-initial elementor-widget-mobile__width-inherit elementor-widget elementor-widget-text-editor\" data-id=\"777fc1d\" data-element_type=\"widget\" data-widget_type=\"text-editor.default\">\n\t\t\t\t\t\t\t\t\t<p>Kullan\u0131c\u0131lara \u00f6zel kampanyalarla avantajl\u0131 ve kolay eri\u015filebilir bir deneyim sunuyoruz.\u2028<\/p><p>G\u00fcnl\u00fck ihtiya\u00e7lara y\u00f6nelik f\u0131rsatlar\u0131 tek bir noktada topluyoruz.<\/p>\t\t\t\t\t\t\t\t<\/div>\n\t\t\t\t<div class=\"elementor-element elementor-element-b27b5a2 elementor-align-center elementor-widget elementor-widget-button\" data-id=\"b27b5a2\" data-element_type=\"widget\" data-widget_type=\"button.default\">\n\t\t\t\t\t\t\t\t\t\t<a class=\"elementor-button elementor-button-link elementor-size-sm\" href=\"#\">\n\t\t\t\t\t\t<span class=\"elementor-button-content-wrapper\">\n\t\t\t\t\t\t\t\t\t<span class=\"elementor-button-text\">Bu Hizmet Hakk\u0131nda<\/span>\n\t\t\t\t\t<\/span>\n\t\t\t\t\t<\/a>\n\t\t\t\t\t\t\t\t<\/div>\n\t\t\t\t<\/div>\n\t\t\t\t<\/div>\n\t\t<div class=\"elementor-element elementor-element-ced60f5 e-con-full e-flex wpr-particle-no wpr-jarallax-no wpr-parallax-no wpr-sticky-section-no e-con e-child\" data-id=\"ced60f5\" data-element_type=\"container\">\n\t\t<div class=\"elementor-element elementor-element-9b52350 e-con-full e-flex wpr-particle-no wpr-jarallax-no wpr-parallax-no wpr-sticky-section-no e-con e-child\" data-id=\"9b52350\" data-element_type=\"container\" data-settings=\"{&quot;background_background&quot;:&quot;classic&quot;}\">\n\t\t<div class=\"elementor-element elementor-element-d976091 e-con-full e-flex wpr-particle-no wpr-jarallax-no wpr-parallax-no wpr-sticky-section-no e-con e-child\" data-id=\"d976091\" data-element_type=\"container\" data-settings=\"{&quot;background_background&quot;:&quot;classic&quot;}\">\n\t\t\t\t<div class=\"elementor-element elementor-element-820e418 elementor-view-default elementor-widget elementor-widget-icon\" data-id=\"820e418\" data-element_type=\"widget\" data-widget_type=\"icon.default\">\n\t\t\t\t\t\t\t<div class=\"elementor-icon-wrapper\">\n\t\t\t<div class=\"elementor-icon\">\n\t\t\t<svg aria-hidden=\"true\" class=\"e-font-icon-svg e-fas-circle\" viewBox=\"0 0 512 512\" xmlns=\"http:\/\/www.w3.org\/2000\/svg\"><path d=\"M256 8C119 8 8 119 8 256s111 248 248 248 248-111 248-248S393 8 256 8z\"><\/path><\/svg>\t\t\t<\/div>\n\t\t<\/div>\n\t\t\t\t\t\t<\/div>\n\t\t\t\t<div class=\"elementor-element elementor-element-ef47296 elementor-widget elementor-widget-heading\" data-id=\"ef47296\" data-element_type=\"widget\" data-widget_type=\"heading.default\">\n\t\t\t\t\t<h2 class=\"elementor-heading-title elementor-size-default\">Mobil Uygulama<\/h2>\t\t\t\t<\/div>\n\t\t\t\t<\/div>\n\t\t\t\t<div class=\"elementor-element elementor-element-47c8765 elementor-widget elementor-widget-spacer\" data-id=\"47c8765\" data-element_type=\"widget\" data-widget_type=\"spacer.default\">\n\t\t\t\t\t\t\t<div class=\"elementor-spacer\">\n\t\t\t<div class=\"elementor-spacer-inner\"><\/div>\n\t\t<\/div>\n\t\t\t\t\t\t<\/div>\n\t\t\t\t<div class=\"elementor-element elementor-element-3ea27b2 elementor-widget elementor-widget-spacer\" data-id=\"3ea27b2\" data-element_type=\"widget\" data-widget_type=\"spacer.default\">\n\t\t\t\t\t\t\t<div class=\"elementor-spacer\">\n\t\t\t<div class=\"elementor-spacer-inner\"><\/div>\n\t\t<\/div>\n\t\t\t\t\t\t<\/div>\n\t\t\t\t<\/div>\n\t\t<div class=\"elementor-element elementor-element-65c1963 e-con-full e-flex wpr-particle-no wpr-jarallax-no wpr-parallax-no wpr-sticky-section-no e-con e-child\" data-id=\"65c1963\" data-element_type=\"container\">\n\t\t\t\t<div class=\"elementor-element elementor-element-0b7dcaa elementor-widget__width-initial elementor-widget-mobile__width-inherit elementor-widget elementor-widget-text-editor\" data-id=\"0b7dcaa\" data-element_type=\"widget\" data-widget_type=\"text-editor.default\">\n\t\t\t\t\t\t\t\t\t<p>Kurumlara ve sekt\u00f6rlere \u00f6zel mobil uygulamalar tasarl\u0131yoruz.<br \/><br \/>Bu uygulamalar \u00fczerinden kullan\u0131c\u0131lar\u0131n\u0131za \u00f6zel kampanyalar\u0131 sunarak avantajlar\u0131 dijital ortamda kolayca eri\u015filebilir hale getiriyoruz.<\/p>\t\t\t\t\t\t\t\t<\/div>\n\t\t\t\t<div class=\"elementor-element elementor-element-65c90e1 elementor-align-center elementor-widget elementor-widget-button\" data-id=\"65c90e1\" data-element_type=\"widget\" data-widget_type=\"button.default\">\n\t\t\t\t\t\t\t\t\t\t<a class=\"elementor-button elementor-button-link elementor-size-sm\" href=\"#\">\n\t\t\t\t\t\t<span class=\"elementor-button-content-wrapper\">\n\t\t\t\t\t\t\t\t\t<span class=\"elementor-button-text\">Bu Hizmet Hakk\u0131nda<\/span>\n\t\t\t\t\t<\/span>\n\t\t\t\t\t<\/a>\n\t\t\t\t\t\t\t\t<\/div>\n\t\t\t\t<\/div>\n\t\t\t\t<\/div>\n\t\t<div class=\"elementor-element elementor-element-7a3d7fb e-con-full e-flex wpr-particle-no wpr-jarallax-no wpr-parallax-no wpr-sticky-section-no e-con e-child\" data-id=\"7a3d7fb\" data-element_type=\"container\">\n\t\t<div class=\"elementor-element elementor-element-efae02c e-con-full e-flex wpr-particle-no wpr-jarallax-no wpr-parallax-no wpr-sticky-section-no e-con e-child\" data-id=\"efae02c\" data-element_type=\"container\" data-settings=\"{&quot;background_background&quot;:&quot;classic&quot;}\">\n\t\t<div class=\"elementor-element elementor-element-98f8181 e-con-full e-flex wpr-particle-no wpr-jarallax-no wpr-parallax-no wpr-sticky-section-no e-con e-child\" data-id=\"98f8181\" data-element_type=\"container\" data-settings=\"{&quot;background_background&quot;:&quot;classic&quot;}\">\n\t\t\t\t<div class=\"elementor-element elementor-element-c32d276 elementor-view-default elementor-widget elementor-widget-icon\" data-id=\"c32d276\" data-element_type=\"widget\" data-widget_type=\"icon.default\">\n\t\t\t\t\t\t\t<div class=\"elementor-icon-wrapper\">\n\t\t\t<div class=\"elementor-icon\">\n\t\t\t<svg aria-hidden=\"true\" class=\"e-font-icon-svg e-fas-circle\" viewBox=\"0 0 512 512\" xmlns=\"http:\/\/www.w3.org\/2000\/svg\"><path d=\"M256 8C119 8 8 119 8 256s111 248 248 248 248-111 248-248S393 8 256 8z\"><\/path><\/svg>\t\t\t<\/div>\n\t\t<\/div>\n\t\t\t\t\t\t<\/div>\n\t\t\t\t<div class=\"elementor-element elementor-element-a214f5f elementor-widget elementor-widget-heading\" data-id=\"a214f5f\" data-element_type=\"widget\" data-widget_type=\"heading.default\">\n\t\t\t\t\t<h2 class=\"elementor-heading-title elementor-size-default\">\u00c7a\u011fr\u0131 ve Destek<\/h2>\t\t\t\t<\/div>\n\t\t\t\t<\/div>\n\t\t\t\t<div class=\"elementor-element elementor-element-78f8163 elementor-widget elementor-widget-spacer\" data-id=\"78f8163\" data-element_type=\"widget\" data-widget_type=\"spacer.default\">\n\t\t\t\t\t\t\t<div class=\"elementor-spacer\">\n\t\t\t<div class=\"elementor-spacer-inner\"><\/div>\n\t\t<\/div>\n\t\t\t\t\t\t<\/div>\n\t\t\t\t<div class=\"elementor-element elementor-element-4177353 elementor-widget elementor-widget-spacer\" data-id=\"4177353\" data-element_type=\"widget\" data-widget_type=\"spacer.default\">\n\t\t\t\t\t\t\t<div class=\"elementor-spacer\">\n\t\t\t<div class=\"elementor-spacer-inner\"><\/div>\n\t\t<\/div>\n\t\t\t\t\t\t<\/div>\n\t\t\t\t<\/div>\n\t\t<div class=\"elementor-element elementor-element-2c76622 e-con-full e-flex wpr-particle-no wpr-jarallax-no wpr-parallax-no wpr-sticky-section-no e-con e-child\" data-id=\"2c76622\" data-element_type=\"container\">\n\t\t\t\t<div class=\"elementor-element elementor-element-5afcee6 elementor-widget__width-initial elementor-widget-mobile__width-inherit elementor-widget elementor-widget-text-editor\" data-id=\"5afcee6\" data-element_type=\"widget\" data-widget_type=\"text-editor.default\">\n\t\t\t\t\t\t\t\t\t<p>Uzman destek ekibimizle s\u00fcre\u00e7teki t\u00fcm soru ve talepleriniz i\u00e7in h\u0131zl\u0131 ve g\u00fcvenilir bir ileti\u015fim imkan\u0131 sunuyoruz.<br \/><br \/>\u0130htiyac\u0131n\u0131z oldu\u011fu her an yan\u0131n\u0131zday\u0131z.<\/p>\t\t\t\t\t\t\t\t<\/div>\n\t\t\t\t<div class=\"elementor-element elementor-element-e62afd2 elementor-align-center elementor-widget elementor-widget-button\" data-id=\"e62afd2\" data-element_type=\"widget\" data-widget_type=\"button.default\">\n\t\t\t\t\t\t\t\t\t\t<a class=\"elementor-button elementor-button-link elementor-size-sm\" href=\"#\">\n\t\t\t\t\t\t<span class=\"elementor-button-content-wrapper\">\n\t\t\t\t\t\t\t\t\t<span class=\"elementor-button-text\">Bu Hizmet Hakk\u0131nda<\/span>\n\t\t\t\t\t<\/span>\n\t\t\t\t\t<\/a>\n\t\t\t\t\t\t\t\t<\/div>\n\t\t\t\t<\/div>\n\t\t\t\t<\/div>\n\t\t\t\t\t<\/div>\n\t\t\t\t<\/div>\n\t\t<div class=\"elementor-element elementor-element-db7f609 e-flex e-con-boxed wpr-particle-no wpr-jarallax-no wpr-parallax-no wpr-sticky-section-no e-con e-parent\" data-id=\"db7f609\" data-element_type=\"container\">\n\t\t\t\t\t<div class=\"e-con-inner\">\n\t\t\t\t<div class=\"elementor-element elementor-element-fed7755 elementor-widget elementor-widget-spacer\" data-id=\"fed7755\" data-element_type=\"widget\" data-widget_type=\"spacer.default\">\n\t\t\t\t\t\t\t<div class=\"elementor-spacer\">\n\t\t\t<div class=\"elementor-spacer-inner\"><\/div>\n\t\t<\/div>\n\t\t\t\t\t\t<\/div>\n\t\t\t\t\t<\/div>\n\t\t\t\t<\/div>\n\t\t<div class=\"elementor-element elementor-element-7558682 e-flex e-con-boxed wpr-particle-no wpr-jarallax-no wpr-parallax-no wpr-sticky-section-no e-con e-parent\" data-id=\"7558682\" data-element_type=\"container\" data-settings=\"{&quot;background_background&quot;:&quot;classic&quot;}\">\n\t\t\t\t\t<div class=\"e-con-inner\">\n\t\t<div class=\"elementor-element elementor-element-3c70bd99 e-con-full e-flex wpr-particle-no wpr-jarallax-no wpr-parallax-no wpr-sticky-section-no e-con e-child\" data-id=\"3c70bd99\" data-element_type=\"container\" data-settings=\"{&quot;background_background&quot;:&quot;classic&quot;}\">\n\t\t\t\t<div class=\"elementor-element elementor-element-2f34744 wpr-advanced-text-style-clipped elementor-widget__width-initial elementor-widget elementor-widget-wpr-advanced-text\" data-id=\"2f34744\" data-element_type=\"widget\" data-widget_type=\"wpr-advanced-text.default\">\n\t\t\t\t\t\n\t\t<h2 class=\"wpr-advanced-text\">\n\n\t\t\t\t\t\n\t\t\t\r\n\t\t\t\t\t\r\n\t\t<span class=\"wpr-clipped-text\">\r\n\t\t\t<span class=\"wpr-clipped-text-content\">Avantaj<\/span>\r\n\t\t\t\t\t<\/span>\r\n\r\n\t\t\r\n\t\t\t\t\t\t<span class=\"wpr-advanced-text-suffix\">Ekosistemine Dahil Olun<\/span>\n\t\t\t\t\t\n\t\t<\/h2>\n\t\t\n\t\t\t\t\t\t<\/div>\n\t\t\t\t<div class=\"elementor-element elementor-element-4841917e elementor-widget elementor-widget-text-editor\" data-id=\"4841917e\" data-element_type=\"widget\" data-widget_type=\"text-editor.default\">\n\t\t\t\t\t\t\t\t\t<p>Kurumlara y\u00f6nelik avantaj yap\u0131s\u0131nda tedarik\u00e7i olarak yer almak ister misiniz?<\/p>\t\t\t\t\t\t\t\t<\/div>\n\t\t<div class=\"elementor-element elementor-element-93d1d9d e-con-full e-flex wpr-particle-no wpr-jarallax-no wpr-parallax-no wpr-sticky-section-no e-con e-child\" data-id=\"93d1d9d\" data-element_type=\"container\">\n\t\t<div class=\"elementor-element elementor-element-36506129 e-con-full e-flex wpr-particle-no wpr-jarallax-no wpr-parallax-no wpr-sticky-section-no e-con e-child\" data-id=\"36506129\" data-element_type=\"container\">\n\t\t\t\t<div class=\"elementor-element elementor-element-22998fca elementor-widget elementor-widget-image\" data-id=\"22998fca\" data-element_type=\"widget\" data-widget_type=\"image.default\">\n\t\t\t\t\t\t\t\t\t\t\t\t\t\t\t<img decoding=\"async\" width=\"199\" height=\"231\" src=\"https:\/\/kirmizikurumsal.com.tr\/wp-content\/uploads\/2025\/12\/formdoldur.png\" class=\"attachment-large size-large wp-image-283\" alt=\"\" \/>\t\t\t\t\t\t\t\t\t\t\t\t\t\t\t<\/div>\n\t\t\t\t<div class=\"elementor-element elementor-element-724bb81f elementor-widget elementor-widget-heading\" data-id=\"724bb81f\" data-element_type=\"widget\" data-widget_type=\"heading.default\">\n\t\t\t\t\t<h4 class=\"elementor-heading-title elementor-size-default\">Ba\u015fvurunu G\u00f6nder<\/h4>\t\t\t\t<\/div>\n\t\t\t\t<div class=\"elementor-element elementor-element-7c4c9f8 elementor-widget elementor-widget-text-editor\" data-id=\"7c4c9f8\" data-element_type=\"widget\" data-widget_type=\"text-editor.default\">\n\t\t\t\t\t\t\t\t\t<p>Marka bilgilerini ve sundu\u011fun avantaj\/kampanya detaylar\u0131n\u0131 ba\u015fvuru formunu doldurarak bizimle payla\u015f.<\/p>\t\t\t\t\t\t\t\t<\/div>\n\t\t\t\t<\/div>\n\t\t<div class=\"elementor-element elementor-element-3e14945b e-con-full e-flex wpr-particle-no wpr-jarallax-no wpr-parallax-no wpr-sticky-section-no e-con e-child\" data-id=\"3e14945b\" data-element_type=\"container\">\n\t\t\t\t<div class=\"elementor-element elementor-element-7668aaa8 elementor-widget elementor-widget-image\" data-id=\"7668aaa8\" data-element_type=\"widget\" data-widget_type=\"image.default\">\n\t\t\t\t\t\t\t\t\t\t\t\t\t\t\t<img fetchpriority=\"high\" decoding=\"async\" width=\"260\" height=\"213\" src=\"https:\/\/kirmizikurumsal.com.tr\/wp-content\/uploads\/2025\/12\/Degerlendirme.png\" class=\"attachment-large size-large wp-image-284\" alt=\"\" \/>\t\t\t\t\t\t\t\t\t\t\t\t\t\t\t<\/div>\n\t\t\t\t<div class=\"elementor-element elementor-element-4de4a6f8 elementor-widget elementor-widget-heading\" data-id=\"4de4a6f8\" data-element_type=\"widget\" data-widget_type=\"heading.default\">\n\t\t\t\t\t<h4 class=\"elementor-heading-title elementor-size-default\">De\u011ferlendirelim<\/h4>\t\t\t\t<\/div>\n\t\t\t\t<div class=\"elementor-element elementor-element-615d3b21 elementor-widget elementor-widget-text-editor\" data-id=\"615d3b21\" data-element_type=\"widget\" data-widget_type=\"text-editor.default\">\n\t\t\t\t\t\t\t\t\t<p>Uygunluk kontrol\u00fc yapal\u0131m, \u015fartlar\u0131 ve kapsam\u0131 birlikte netle\u015ftirelim.<\/p>\t\t\t\t\t\t\t\t<\/div>\n\t\t\t\t<\/div>\n\t\t<div class=\"elementor-element elementor-element-223c462b e-con-full e-flex wpr-particle-no wpr-jarallax-no wpr-parallax-no wpr-sticky-section-no e-con e-child\" data-id=\"223c462b\" data-element_type=\"container\">\n\t\t\t\t<div class=\"elementor-element elementor-element-6104789d elementor-widget elementor-widget-image\" data-id=\"6104789d\" data-element_type=\"widget\" data-widget_type=\"image.default\">\n\t\t\t\t\t\t\t\t\t\t\t\t\t\t\t<img decoding=\"async\" width=\"258\" height=\"213\" src=\"https:\/\/kirmizikurumsal.com.tr\/wp-content\/uploads\/2025\/12\/YAYINIKON.png\" class=\"attachment-large size-large wp-image-285\" alt=\"\" \/>\t\t\t\t\t\t\t\t\t\t\t\t\t\t\t<\/div>\n\t\t\t\t<div class=\"elementor-element elementor-element-2d66d8f4 elementor-widget elementor-widget-heading\" data-id=\"2d66d8f4\" data-element_type=\"widget\" data-widget_type=\"heading.default\">\n\t\t\t\t\t<h4 class=\"elementor-heading-title elementor-size-default\">Yay\u0131na Alal\u0131m<\/h4>\t\t\t\t<\/div>\n\t\t\t\t<div class=\"elementor-element elementor-element-560c17b0 elementor-widget elementor-widget-text-editor\" data-id=\"560c17b0\" data-element_type=\"widget\" data-widget_type=\"text-editor.default\">\n\t\t\t\t\t\t\t\t\t<p>Anla\u015fma tamamland\u0131\u011f\u0131nda markan\u0131 avantaj a\u011f\u0131na ekleyelim ve kurum \u00e7al\u0131\u015fanlar\u0131na sunal\u0131m.<\/p>\t\t\t\t\t\t\t\t<\/div>\n\t\t\t\t<\/div>\n\t\t\t\t<\/div>\n\t\t\t\t<\/div>\n\t\t<div class=\"elementor-element elementor-element-3fddcd9e e-con-full e-flex wpr-particle-no wpr-jarallax-no wpr-parallax-no wpr-sticky-section-no e-con e-child\" data-id=\"3fddcd9e\" data-element_type=\"container\" data-settings=\"{&quot;background_background&quot;:&quot;classic&quot;}\">\n\t\t\t\t<div class=\"elementor-element elementor-element-65c4714b elementor-widget elementor-widget-button\" data-id=\"65c4714b\" data-element_type=\"widget\" data-widget_type=\"button.default\">\n\t\t\t\t\t\t\t\t\t\t<a class=\"elementor-button elementor-button-link elementor-size-sm\" href=\"https:\/\/kirmizikurumsal.com.tr\/index.php\/kirmiziya-katil\/\">\n\t\t\t\t\t\t<span class=\"elementor-button-content-wrapper\">\n\t\t\t\t\t\t\t\t\t<span class=\"elementor-button-text\">K\u0131rm\u0131z\u0131\u2019ya Kat\u0131l<\/span>\n\t\t\t\t\t<\/span>\n\t\t\t\t\t<\/a>\n\t\t\t\t\t\t\t\t<\/div>\n\t\t\t\t<div class=\"elementor-element elementor-element-52a9b3c9 elementor-widget elementor-widget-button\" data-id=\"52a9b3c9\" data-element_type=\"widget\" data-widget_type=\"button.default\">\n\t\t\t\t\t\t\t\t\t\t<a class=\"elementor-button elementor-button-link elementor-size-sm\" href=\"#\">\n\t\t\t\t\t\t<span class=\"elementor-button-content-wrapper\">\n\t\t\t\t\t\t\t\t\t<span class=\"elementor-button-text\">\u0130leti\u015fime Ge\u00e7<\/span>\n\t\t\t\t\t<\/span>\n\t\t\t\t\t<\/a>\n\t\t\t\t\t\t\t\t<\/div>\n\t\t\t\t<\/div>\n\t\t\t\t\t<\/div>\n\t\t\t\t<\/div>\n\t\t\t\t<\/div>\n\t\t","protected":false},"excerpt":{"rendered":"<p>\/Hizmetlerimiz Her Sekt\u00f6r \u0130\u00e7in Kurumsal \u00c7\u00f6z\u00fcmler G\u00fcn\u00fcm\u00fcz i\u015f d\u00fcnyas\u0131n\u0131n h\u0131z\u0131na uyum sa\u011flayan, dijital odakl\u0131 kurumsal \u00e7\u00f6z\u00fcmler sunuyoruz.\u2028Avantajl\u0131 kampanyalar, kullan\u0131c\u0131 dostu mobil uygulamalar ve g\u00fc\u00e7l\u00fc destek hizmetleriyle kurumlar\u0131n operasyonel y\u00fck\u00fcn\u00fc hafifletiyoruz. Kampanyalar Kullan\u0131c\u0131lara \u00f6zel kampanyalarla avantajl\u0131 ve kolay eri\u015filebilir bir deneyim sunuyoruz.\u2028 G\u00fcnl\u00fck ihtiya\u00e7lara y\u00f6nelik f\u0131rsatlar\u0131 tek bir noktada topluyoruz. Bu Hizmet Hakk\u0131nda Mobil Uygulama Kurumlara ve sekt\u00f6rlere \u00f6zel mobil uygulamalar tasarl\u0131yoruz. Bu uygulamalar \u00fczerinden kullan\u0131c\u0131lar\u0131n\u0131za \u00f6zel kampanyalar\u0131 sunarak avantajlar\u0131 dijital ortamda kolayca eri\u015filebilir hale getiriyoruz. Bu Hizmet Hakk\u0131nda \u00c7a\u011fr\u0131 ve Destek Uzman destek ekibimizle s\u00fcre\u00e7teki t\u00fcm soru ve talepleriniz i\u00e7in h\u0131zl\u0131 ve g\u00fcvenilir bir ileti\u015fim imkan\u0131 sunuyoruz. \u0130htiyac\u0131n\u0131z oldu\u011fu her an yan\u0131n\u0131zday\u0131z. Bu Hizmet Hakk\u0131nda Avantaj Ekosistemine Dahil Olun Kurumlara y\u00f6nelik avantaj yap\u0131s\u0131nda tedarik\u00e7i olarak yer almak ister misiniz? Ba\u015fvurunu G\u00f6nder Marka bilgilerini ve sundu\u011fun avantaj\/kampanya detaylar\u0131n\u0131 ba\u015fvuru formunu doldurarak bizimle payla\u015f. De\u011ferlendirelim Uygunluk kontrol\u00fc yapal\u0131m, \u015fartlar\u0131 ve kapsam\u0131 birlikte netle\u015ftirelim. Yay\u0131na Alal\u0131m Anla\u015fma tamamland\u0131\u011f\u0131nda markan\u0131 avantaj a\u011f\u0131na ekleyelim ve kurum \u00e7al\u0131\u015fanlar\u0131na sunal\u0131m. K\u0131rm\u0131z\u0131\u2019ya Kat\u0131l \u0130leti\u015fime Ge\u00e7<\/p>\n","protected":false},"author":1,"featured_media":0,"parent":0,"menu_order":0,"comment_status":"closed","ping_status":"closed","template":"elementor_canvas","meta":{"footnotes":""},"class_list":["post-8","page","type-page","status-publish","hentry"],"acf":[],"_links":{"self":[{"href":"https:\/\/kirmizikurumsal.com.tr\/index.php\/wp-json\/wp\/v2\/pages\/8","targetHints":{"allow":["GET"]}}],"collection":[{"href":"https:\/\/kirmizikurumsal.com.tr\/index.php\/wp-json\/wp\/v2\/pages"}],"about":[{"href":"https:\/\/kirmizikurumsal.com.tr\/index.php\/wp-json\/wp\/v2\/types\/page"}],"author":[{"embeddable":true,"href":"https:\/\/kirmizikurumsal.com.tr\/index.php\/wp-json\/wp\/v2\/users\/1"}],"replies":[{"embeddable":true,"href":"https:\/\/kirmizikurumsal.com.tr\/index.php\/wp-json\/wp\/v2\/comments?post=8"}],"version-history":[{"count":13,"href":"https:\/\/kirmizikurumsal.com.tr\/index.php\/wp-json\/wp\/v2\/pages\/8\/revisions"}],"predecessor-version":[{"id":1166,"href":"https:\/\/kirmizikurumsal.com.tr\/index.php\/wp-json\/wp\/v2\/pages\/8\/revisions\/1166"}],"wp:attachment":[{"href":"https:\/\/kirmizikurumsal.com.tr\/index.php\/wp-json\/wp\/v2\/media?parent=8"}],"curies":[{"name":"wp","href":"https:\/\/api.w.org\/{rel}","templated":true}]}}